{"id":1927,"date":"2025-05-24T15:47:42","date_gmt":"2025-05-24T12:47:42","guid":{"rendered":"https:\/\/test8.greatpix.studio\/polityka-dotyczaca-plikow-cookie\/"},"modified":"2025-12-02T18:13:52","modified_gmt":"2025-12-02T16:13:52","slug":"polityka-dotyczaca-plikow-cookie","status":"publish","type":"page","link":"https:\/\/sapienswarsaw.school\/pl\/polityka-dotyczaca-plikow-cookie\/","title":{"rendered":"Polityka dotycz\u0105ca plik\u00f3w cookie"},"content":{"rendered":"\t\t<div data-elementor-type=\"wp-page\" data-elementor-id=\"1927\" class=\"elementor elementor-1927 elementor-3\" data-elementor-settings=\"{&quot;element_pack_global_tooltip_width&quot;:{&quot;unit&quot;:&quot;px&quot;,&quot;size&quot;:&quot;&quot;,&quot;sizes&quot;:[]},&quot;element_pack_global_tooltip_width_laptop&quot;:{&quot;unit&quot;:&quot;px&quot;,&quot;size&quot;:&quot;&quot;,&quot;sizes&quot;:[]},&quot;element_pack_global_tooltip_width_tablet&quot;:{&quot;unit&quot;:&quot;px&quot;,&quot;size&quot;:&quot;&quot;,&quot;sizes&quot;:[]},&quot;element_pack_global_tooltip_width_mobile&quot;:{&quot;unit&quot;:&quot;px&quot;,&quot;size&quot;:&quot;&quot;,&quot;sizes&quot;:[]},&quot;element_pack_global_tooltip_padding&quot;:{&quot;unit&quot;:&quot;px&quot;,&quot;top&quot;:&quot;&quot;,&quot;right&quot;:&quot;&quot;,&quot;bottom&quot;:&quot;&quot;,&quot;left&quot;:&quot;&quot;,&quot;isLinked&quot;:true},&quot;element_pack_global_tooltip_padding_laptop&quot;:{&quot;unit&quot;:&quot;px&quot;,&quot;top&quot;:&quot;&quot;,&quot;right&quot;:&quot;&quot;,&quot;bottom&quot;:&quot;&quot;,&quot;left&quot;:&quot;&quot;,&quot;isLinked&quot;:true},&quot;element_pack_global_tooltip_padding_tablet&quot;:{&quot;unit&quot;:&quot;px&quot;,&quot;top&quot;:&quot;&quot;,&quot;right&quot;:&quot;&quot;,&quot;bottom&quot;:&quot;&quot;,&quot;left&quot;:&quot;&quot;,&quot;isLinked&quot;:true},&quot;element_pack_global_tooltip_padding_mobile&quot;:{&quot;unit&quot;:&quot;px&quot;,&quot;top&quot;:&quot;&quot;,&quot;right&quot;:&quot;&quot;,&quot;bottom&quot;:&quot;&quot;,&quot;left&quot;:&quot;&quot;,&quot;isLinked&quot;:true},&quot;element_pack_global_tooltip_border_radius&quot;:{&quot;unit&quot;:&quot;px&quot;,&quot;top&quot;:&quot;&quot;,&quot;right&quot;:&quot;&quot;,&quot;bottom&quot;:&quot;&quot;,&quot;left&quot;:&quot;&quot;,&quot;isLinked&quot;:true},&quot;element_pack_global_tooltip_border_radius_laptop&quot;:{&quot;unit&quot;:&quot;px&quot;,&quot;top&quot;:&quot;&quot;,&quot;right&quot;:&quot;&quot;,&quot;bottom&quot;:&quot;&quot;,&quot;left&quot;:&quot;&quot;,&quot;isLinked&quot;:true},&quot;element_pack_global_tooltip_border_radius_tablet&quot;:{&quot;unit&quot;:&quot;px&quot;,&quot;top&quot;:&quot;&quot;,&quot;right&quot;:&quot;&quot;,&quot;bottom&quot;:&quot;&quot;,&quot;left&quot;:&quot;&quot;,&quot;isLinked&quot;:true},&quot;element_pack_global_tooltip_border_radius_mobile&quot;:{&quot;unit&quot;:&quot;px&quot;,&quot;top&quot;:&quot;&quot;,&quot;right&quot;:&quot;&quot;,&quot;bottom&quot;:&quot;&quot;,&quot;left&quot;:&quot;&quot;,&quot;isLinked&quot;:true}}\">\n\t\t\t\t<div class=\"elementor-element elementor-element-d715de4 e-flex e-con-boxed e-con e-parent\" data-id=\"d715de4\" data-element_type=\"container\" data-settings=\"{&quot;background_background&quot;:&quot;classic&quot;}\">\n\t\t\t\t\t<div class=\"e-con-inner\">\n\t\t<div class=\"elementor-element elementor-element-c174ab2 e-con-full e-flex e-con e-child\" data-id=\"c174ab2\" data-element_type=\"container\">\n\t\t\t\t<div class=\"elementor-element elementor-element-97baf70 elementor-widget elementor-widget-bdt-breadcrumbs\" data-id=\"97baf70\" data-element_type=\"widget\" data-widget_type=\"bdt-breadcrumbs.default\">\n\t\t\t\t<div class=\"elementor-widget-container\">\n\t\t\t\t\t<div class='bdt-ep-breadcrumbs-wrapper'><ul class=\"bdt-ep-breadcrumb breadcrumb-align-left  \"><li><a href=\"https:\/\/sapienswarsaw.school\/pl\/\">Strona g\u0142\u00f3wna<\/a><\/li>\n<li><span> Strona<\/span><\/li>\n<\/ul><\/div>\t\t\t\t<\/div>\n\t\t\t\t<\/div>\n\t\t\t\t<div class=\"elementor-element elementor-element-2731d0e elementor-widget elementor-widget-heading\" data-id=\"2731d0e\" data-element_type=\"widget\" data-widget_type=\"heading.default\">\n\t\t\t\t<div class=\"elementor-widget-container\">\n\t\t\t\t\t<h1 class=\"elementor-heading-title elementor-size-default\">Polityka dotycz\u0105ca plik\u00f3w cookie<\/h1>\t\t\t\t<\/div>\n\t\t\t\t<\/div>\n\t\t\t\t<\/div>\n\t\t\t\t\t<\/div>\n\t\t\t\t<\/div>\n\t\t<div class=\"elementor-element elementor-element-49cf8f6a e-flex e-con-boxed e-con e-parent\" data-id=\"49cf8f6a\" data-element_type=\"container\">\n\t\t\t\t\t<div class=\"e-con-inner\">\n\t\t\t\t<div class=\"elementor-element elementor-element-269cd4f0 elementor-widget elementor-widget-text-editor\" data-id=\"269cd4f0\" data-element_type=\"widget\" data-widget_type=\"text-editor.default\">\n\t\t\t\t<div class=\"elementor-widget-container\">\n\t\t\t\t\t\t\t\t\t<p>Niniejsza Polityka plik\u00f3w cookie wyja\u015bnia, w jaki spos\u00f3b <strong>Sapiens Warsaw School<\/strong> (\u201emy\u201d, \u201enas\u201d lub \u201enasz\u201d) wykorzystuje pliki cookie i podobne technologie na swojej stronie internetowej <a href=\"https:\/\/sapienswarsaw.school\/pl\/\">https:\/\/sapienswarsaw.school\/.<\/a><\/p>\n<h3>1. Czym s\u0105 pliki cookie?<\/h3>\n<p>Pliki cookie to ma\u0142e pliki tekstowe, kt\u00f3re s\u0105 umieszczane na urz\u0105dzeniu u\u017cytkownika (komputerze, smartfonie, tablecie) podczas odwiedzania strony internetowej. S\u0105 one powszechnie stosowane w celu zapewnienia prawid\u0142owego funkcjonowania witryn internetowych, poprawy komfortu u\u017cytkowania i dostarczania informacji w\u0142a\u015bcicielom witryn. <\/p>\n<h3>2. Rodzaje u\u017cywanych przez nas plik\u00f3w cookie<\/h3>\n<ul>\n<li><strong>Niezb\u0119dne pliki cookie:<\/strong> Te pliki cookie s\u0105 niezb\u0119dne do dzia\u0142ania witryny i nie mo\u017cna ich wy\u0142\u0105czy\u0107 w naszych systemach. Zazwyczaj s\u0105 one ustawiane w odpowiedzi na dzia\u0142ania podejmowane przez u\u017cytkownika, takie jak przesy\u0142anie formularzy. <\/li>\n<li><strong>Wydajno\u015bciowe i analityczne pliki cookie:<\/strong> Korzystamy z <a href=\"https:\/\/policies.google.com\/technologies\/cookies\" target=\"_blank\" rel=\"noopener\">Google Analytics<\/a>, aby zrozumie\u0107, w jaki spos\u00f3b odwiedzaj\u0105cy wchodz\u0105 w interakcj\u0119 z nasz\u0105 witryn\u0105, co pomaga nam poprawi\u0107 jej wydajno\u015b\u0107.<\/li>\n<li><strong>Funkcjonalne pliki cookie:<\/strong> Te pliki cookie umo\u017cliwiaj\u0105 witrynie zapewnienie rozszerzonej funkcjonalno\u015bci i personalizacji.<\/li>\n<\/ul>\n<h3>3. Zgoda na pliki cookie<\/h3>\n<p>Podczas odwiedzania naszej strony internetowej pojawia si\u0119 baner plik\u00f3w cookie dostarczany przez <strong>CookieYes<\/strong>, umo\u017cliwiaj\u0105cy akceptacj\u0119 lub zarz\u0105dzanie preferencjami dotycz\u0105cymi plik\u00f3w cookie. Kontynuuj\u0105c korzystanie z witryny po zaakceptowaniu plik\u00f3w cookie, u\u017cytkownik wyra\u017ca zgod\u0119 na korzystanie przez nas z plik\u00f3w cookie w spos\u00f3b opisany w niniejszej polityce. <\/p>\n<h3>4. Zarz\u0105dzanie plikami cookie<\/h3>\n<p>U\u017cytkownik mo\u017ce zarz\u0105dza\u0107 plikami cookie lub je wy\u0142\u0105czy\u0107 w dowolnym momencie za pomoc\u0105 ustawie\u0144 przegl\u0105darki. Wi\u0119cej informacji na temat zarz\u0105dzania plikami cookie w przegl\u0105darce mo\u017cna znale\u017a\u0107 na stronie: <\/p>\n<ul>\n<li><a href=\"https:\/\/support.google.com\/chrome\/answer\/95647\" target=\"_blank\" rel=\"noopener\">Google Chrome<\/a><\/li>\n<li><a href=\"https:\/\/support.mozilla.org\/en-US\/kb\/enable-and-disable-cookies-website-preferences\" target=\"_blank\" rel=\"noopener\">Mozilla Firefox<\/a><\/li>\n<li><a href=\"https:\/\/support.apple.com\/en-us\/HT201265\" target=\"_blank\" rel=\"noopener\">Safari<\/a><\/li>\n<li><a href=\"https:\/\/support.microsoft.com\/en-us\/topic\/how-to-delete-cookie-files-in-internet-explorer-bca9446f-d873-78de-77ba-d42645fa52fc\" target=\"_blank\" rel=\"noopener\">Internet Explorer<\/a><\/li>\n<\/ul>\n<h3>5. Pliki cookie stron trzecich<\/h3>\n<p>Nasza strona internetowa mo\u017ce korzysta\u0107 z us\u0142ug stron trzecich (np. Google Analytics), kt\u00f3re umieszczaj\u0105 w\u0142asne pliki cookie. Nie kontrolujemy korzystania z tych plik\u00f3w cookie. Wi\u0119cej informacji mo\u017cna znale\u017a\u0107 w odpowiednich politykach prywatno\u015bci i plik\u00f3w cookie tych dostawc\u00f3w.  <\/p>\n<h3>6. Kontakt<\/h3>\n<p>W przypadku jakichkolwiek pyta\u0144 dotycz\u0105cych korzystania przez nas z plik\u00f3w cookie, prosimy o kontakt pod adresem:<\/p>\n<ul>\n<li>E-mail: <a href=\"mailto:office@sapienswarsaw.school\">office@sapienswarsaw.school<\/a><\/li>\n<li>Adres: Warszawa, ul. Gr\u00f3jecka 208 <\/li>\n<\/ul>\n<h3>7. Aktualizacje niniejszej Polityki<\/h3>\n<p>Od czasu do czasu mo\u017cemy aktualizowa\u0107 niniejsz\u0105 Polityk\u0119 dotycz\u0105c\u0105 plik\u00f3w cookie. Wszelkie zmiany b\u0119d\u0105 publikowane na tej stronie wraz z dat\u0105 aktualizacji. <\/p>\n<p><em>Ostatnia aktualizacja: 2 czerwca 2025 r.<\/em><\/p>\t\t\t\t\t\t\t\t<\/div>\n\t\t\t\t<\/div>\n\t\t\t\t\t<\/div>\n\t\t\t\t<\/div>\n\t\t<div class=\"elementor-element elementor-element-65239f5e e-flex e-con-boxed e-con e-parent\" data-id=\"65239f5e\" data-element_type=\"container\">\n\t\t\t\t\t<div class=\"e-con-inner\">\n\t\t\t\t<div class=\"elementor-element elementor-element-16257157 elementor-widget elementor-widget-shortcode\" data-id=\"16257157\" data-element_type=\"widget\" data-widget_type=\"shortcode.default\">\n\t\t\t\t<div class=\"elementor-widget-container\">\n\t\t\t\t\t\t\t<div class=\"elementor-shortcode\">\t\t<div data-elementor-type=\"uicore-tb\" data-elementor-id=\"3248\" class=\"elementor elementor-3248 elementor-3125\" data-elementor-settings=\"{&quot;element_pack_global_tooltip_width&quot;:{&quot;unit&quot;:&quot;px&quot;,&quot;size&quot;:&quot;&quot;,&quot;sizes&quot;:[]},&quot;element_pack_global_tooltip_width_laptop&quot;:{&quot;unit&quot;:&quot;px&quot;,&quot;size&quot;:&quot;&quot;,&quot;sizes&quot;:[]},&quot;element_pack_global_tooltip_width_tablet&quot;:{&quot;unit&quot;:&quot;px&quot;,&quot;size&quot;:&quot;&quot;,&quot;sizes&quot;:[]},&quot;element_pack_global_tooltip_width_mobile&quot;:{&quot;unit&quot;:&quot;px&quot;,&quot;size&quot;:&quot;&quot;,&quot;sizes&quot;:[]},&quot;element_pack_global_tooltip_padding&quot;:{&quot;unit&quot;:&quot;px&quot;,&quot;top&quot;:&quot;&quot;,&quot;right&quot;:&quot;&quot;,&quot;bottom&quot;:&quot;&quot;,&quot;left&quot;:&quot;&quot;,&quot;isLinked&quot;:true},&quot;element_pack_global_tooltip_padding_laptop&quot;:{&quot;unit&quot;:&quot;px&quot;,&quot;top&quot;:&quot;&quot;,&quot;right&quot;:&quot;&quot;,&quot;bottom&quot;:&quot;&quot;,&quot;left&quot;:&quot;&quot;,&quot;isLinked&quot;:true},&quot;element_pack_global_tooltip_padding_tablet&quot;:{&quot;unit&quot;:&quot;px&quot;,&quot;top&quot;:&quot;&quot;,&quot;right&quot;:&quot;&quot;,&quot;bottom&quot;:&quot;&quot;,&quot;left&quot;:&quot;&quot;,&quot;isLinked&quot;:true},&quot;element_pack_global_tooltip_padding_mobile&quot;:{&quot;unit&quot;:&quot;px&quot;,&quot;top&quot;:&quot;&quot;,&quot;right&quot;:&quot;&quot;,&quot;bottom&quot;:&quot;&quot;,&quot;left&quot;:&quot;&quot;,&quot;isLinked&quot;:true},&quot;element_pack_global_tooltip_border_radius&quot;:{&quot;unit&quot;:&quot;px&quot;,&quot;top&quot;:&quot;&quot;,&quot;right&quot;:&quot;&quot;,&quot;bottom&quot;:&quot;&quot;,&quot;left&quot;:&quot;&quot;,&quot;isLinked&quot;:true},&quot;element_pack_global_tooltip_border_radius_laptop&quot;:{&quot;unit&quot;:&quot;px&quot;,&quot;top&quot;:&quot;&quot;,&quot;right&quot;:&quot;&quot;,&quot;bottom&quot;:&quot;&quot;,&quot;left&quot;:&quot;&quot;,&quot;isLinked&quot;:true},&quot;element_pack_global_tooltip_border_radius_tablet&quot;:{&quot;unit&quot;:&quot;px&quot;,&quot;top&quot;:&quot;&quot;,&quot;right&quot;:&quot;&quot;,&quot;bottom&quot;:&quot;&quot;,&quot;left&quot;:&quot;&quot;,&quot;isLinked&quot;:true},&quot;element_pack_global_tooltip_border_radius_mobile&quot;:{&quot;unit&quot;:&quot;px&quot;,&quot;top&quot;:&quot;&quot;,&quot;right&quot;:&quot;&quot;,&quot;bottom&quot;:&quot;&quot;,&quot;left&quot;:&quot;&quot;,&quot;isLinked&quot;:true}}\">\n\t\t\t\t<div class=\"elementor-element elementor-element-d3cd950 e-flex e-con-boxed e-con e-parent\" data-id=\"d3cd950\" data-element_type=\"container\" data-settings=\"{&quot;background_background&quot;:&quot;classic&quot;}\">\n\t\t\t\t\t<div class=\"e-con-inner\">\n\t\t<div class=\"elementor-element elementor-element-beb7e8d e-con-full e-flex e-con e-child\" data-id=\"beb7e8d\" data-element_type=\"container\">\n\t\t\t\t<div class=\"elementor-element elementor-element-482dc1e elementor-hidden-tablet elementor-hidden-mobile elementor-widget elementor-widget-bdt-svg-image\" data-id=\"482dc1e\" data-element_type=\"widget\" data-widget_type=\"bdt-svg-image.default\">\n\t\t\t\t<div class=\"elementor-widget-container\">\n\t\t\t\t\t\t\t<div class=\"elementor-image bdt-svg-image bdt-animation-toggle\">\n\t\t\t\t\t\t\t\t\t\t\t\t<img decoding=\"async\" class=\"bdt-preserve\" data-bdt-svg=\"\" src=\"https:\/\/sapienswarsaw.school\/wp-content\/uploads\/2025\/05\/emblem.svg\" alt=\"Strona g\u0142\u00f3wna\">\t\t\t\t\t\t\t\t\t\t\t\t\t\t\t<\/div>\n\t\t\t\t\t\t<\/div>\n\t\t\t\t<\/div>\n\t\t\t\t<div class=\"elementor-element elementor-element-fdd0921 elementor-widget-tablet__width-initial elementor-widget__width-initial elementor-widget elementor-widget-heading\" data-id=\"fdd0921\" data-element_type=\"widget\" data-widget_type=\"heading.default\">\n\t\t\t\t<div class=\"elementor-widget-container\">\n\t\t\t\t\t<h2 class=\"elementor-heading-title elementor-size-default\">Szukasz edukacji z sensem? Jeste\u015bmy tutaj. <\/h2>\t\t\t\t<\/div>\n\t\t\t\t<\/div>\n\t\t\t\t<\/div>\n\t\t<div class=\"elementor-element elementor-element-069c316 e-con-full e-flex e-con e-child\" data-id=\"069c316\" data-element_type=\"container\">\n\t\t\t\t<div class=\"elementor-element elementor-element-661a153 elementor-mobile-align-center general-contact-modal elementor-widget elementor-widget-button\" data-id=\"661a153\" data-element_type=\"widget\" data-settings=\"{&quot;_animation_delay&quot;:&quot;240&quot;,&quot;_animation&quot;:&quot;none&quot;}\" data-widget_type=\"button.default\">\n\t\t\t\t<div class=\"elementor-widget-container\">\n\t\t\t\t\t\t\t\t\t<div class=\"elementor-button-wrapper\">\n\t\t\t\t\t<a class=\"elementor-button elementor-size-sm\" role=\"button\">\n\t\t\t\t\t\t<span class=\"elementor-button-content-wrapper\">\n\t\t\t\t\t\t\t\t\t<span class=\"elementor-button-text\">Bezp\u0142atna wizyta<\/span>\n\t\t\t\t\t<\/span>\n\t\t\t\t\t<\/a>\n\t\t\t\t<\/div>\n\t\t\t\t\t\t\t\t<\/div>\n\t\t\t\t<\/div>\n\t\t\t\t<\/div>\n\t\t\t\t\t<\/div>\n\t\t\t\t<\/div>\n\t\t\t\t<\/div>\n\t\t<\/div>\n\t\t\t\t\t\t<\/div>\n\t\t\t\t<\/div>\n\t\t\t\t\t<\/div>\n\t\t\t\t<\/div>\n\t\t\t\t<\/div>\n\t\t","protected":false},"excerpt":{"rendered":"<p>Strona g\u0142\u00f3wna Polityka dotycz\u0105ca plik\u00f3w cookie Niniejsza Polityka plik\u00f3w cookie wyja\u015bnia, w jaki spos\u00f3b Sapiens Warsaw School (\u201emy\u201d, \u201enas\u201d lub \u201enasz\u201d) wykorzystuje pliki cookie i podobne technologie na swojej stronie internetowej https:\/\/sapienswarsaw.school\/. 1. Czym s\u0105 pliki cookie? Pliki cookie to ma\u0142e pliki tekstowe, kt\u00f3re s\u0105 umieszczane na urz\u0105dzeniu u\u017cytkownika (komputerze, smartfonie, tablecie) podczas odwiedzania strony [&hellip;]<\/p>\n","protected":false},"author":1,"featured_media":0,"parent":0,"menu_order":0,"comment_status":"closed","ping_status":"closed","template":"","meta":{"footnotes":""},"class_list":["post-1927","page","type-page","status-publish","hentry"],"_links":{"self":[{"href":"https:\/\/sapienswarsaw.school\/pl\/wp-json\/wp\/v2\/pages\/1927","targetHints":{"allow":["GET"]}}],"collection":[{"href":"https:\/\/sapienswarsaw.school\/pl\/wp-json\/wp\/v2\/pages"}],"about":[{"href":"https:\/\/sapienswarsaw.school\/pl\/wp-json\/wp\/v2\/types\/page"}],"author":[{"embeddable":true,"href":"https:\/\/sapienswarsaw.school\/pl\/wp-json\/wp\/v2\/users\/1"}],"replies":[{"embeddable":true,"href":"https:\/\/sapienswarsaw.school\/pl\/wp-json\/wp\/v2\/comments?post=1927"}],"version-history":[{"count":5,"href":"https:\/\/sapienswarsaw.school\/pl\/wp-json\/wp\/v2\/pages\/1927\/revisions"}],"predecessor-version":[{"id":3295,"href":"https:\/\/sapienswarsaw.school\/pl\/wp-json\/wp\/v2\/pages\/1927\/revisions\/3295"}],"wp:attachment":[{"href":"https:\/\/sapienswarsaw.school\/pl\/wp-json\/wp\/v2\/media?parent=1927"}],"curies":[{"name":"wp","href":"https:\/\/api.w.org\/{rel}","templated":true}]}}