{"id":3418,"date":"2025-12-02T20:17:26","date_gmt":"2025-12-02T18:17:26","guid":{"rendered":"https:\/\/sapienswarsaw.school\/ppc-ielts\/"},"modified":"2025-12-10T16:38:36","modified_gmt":"2025-12-10T14:38:36","slug":"ielts","status":"publish","type":"page","link":"https:\/\/sapienswarsaw.school\/pl\/ppc\/ielts\/","title":{"rendered":"PPC-IELTS"},"content":{"rendered":"\t\t<div data-elementor-type=\"wp-page\" data-elementor-id=\"3418\" class=\"elementor elementor-3418 elementor-3410\" data-elementor-settings=\"{&quot;element_pack_global_tooltip_width&quot;:{&quot;unit&quot;:&quot;px&quot;,&quot;size&quot;:&quot;&quot;,&quot;sizes&quot;:[]},&quot;element_pack_global_tooltip_width_laptop&quot;:{&quot;unit&quot;:&quot;px&quot;,&quot;size&quot;:&quot;&quot;,&quot;sizes&quot;:[]},&quot;element_pack_global_tooltip_width_tablet&quot;:{&quot;unit&quot;:&quot;px&quot;,&quot;size&quot;:&quot;&quot;,&quot;sizes&quot;:[]},&quot;element_pack_global_tooltip_width_mobile&quot;:{&quot;unit&quot;:&quot;px&quot;,&quot;size&quot;:&quot;&quot;,&quot;sizes&quot;:[]},&quot;element_pack_global_tooltip_padding&quot;:{&quot;unit&quot;:&quot;px&quot;,&quot;top&quot;:&quot;&quot;,&quot;right&quot;:&quot;&quot;,&quot;bottom&quot;:&quot;&quot;,&quot;left&quot;:&quot;&quot;,&quot;isLinked&quot;:true},&quot;element_pack_global_tooltip_padding_laptop&quot;:{&quot;unit&quot;:&quot;px&quot;,&quot;top&quot;:&quot;&quot;,&quot;right&quot;:&quot;&quot;,&quot;bottom&quot;:&quot;&quot;,&quot;left&quot;:&quot;&quot;,&quot;isLinked&quot;:true},&quot;element_pack_global_tooltip_padding_tablet&quot;:{&quot;unit&quot;:&quot;px&quot;,&quot;top&quot;:&quot;&quot;,&quot;right&quot;:&quot;&quot;,&quot;bottom&quot;:&quot;&quot;,&quot;left&quot;:&quot;&quot;,&quot;isLinked&quot;:true},&quot;element_pack_global_tooltip_padding_mobile&quot;:{&quot;unit&quot;:&quot;px&quot;,&quot;top&quot;:&quot;&quot;,&quot;right&quot;:&quot;&quot;,&quot;bottom&quot;:&quot;&quot;,&quot;left&quot;:&quot;&quot;,&quot;isLinked&quot;:true},&quot;element_pack_global_tooltip_border_radius&quot;:{&quot;unit&quot;:&quot;px&quot;,&quot;top&quot;:&quot;&quot;,&quot;right&quot;:&quot;&quot;,&quot;bottom&quot;:&quot;&quot;,&quot;left&quot;:&quot;&quot;,&quot;isLinked&quot;:true},&quot;element_pack_global_tooltip_border_radius_laptop&quot;:{&quot;unit&quot;:&quot;px&quot;,&quot;top&quot;:&quot;&quot;,&quot;right&quot;:&quot;&quot;,&quot;bottom&quot;:&quot;&quot;,&quot;left&quot;:&quot;&quot;,&quot;isLinked&quot;:true},&quot;element_pack_global_tooltip_border_radius_tablet&quot;:{&quot;unit&quot;:&quot;px&quot;,&quot;top&quot;:&quot;&quot;,&quot;right&quot;:&quot;&quot;,&quot;bottom&quot;:&quot;&quot;,&quot;left&quot;:&quot;&quot;,&quot;isLinked&quot;:true},&quot;element_pack_global_tooltip_border_radius_mobile&quot;:{&quot;unit&quot;:&quot;px&quot;,&quot;top&quot;:&quot;&quot;,&quot;right&quot;:&quot;&quot;,&quot;bottom&quot;:&quot;&quot;,&quot;left&quot;:&quot;&quot;,&quot;isLinked&quot;:true}}\">\n\t\t\t\t<div class=\"elementor-element elementor-element-e6e8402 e-flex e-con-boxed e-con e-parent\" data-id=\"e6e8402\" data-element_type=\"container\" data-settings=\"{&quot;background_background&quot;:&quot;classic&quot;}\">\n\t\t\t\t\t<div class=\"e-con-inner\">\n\t\t<div class=\"elementor-element elementor-element-796fe7f e-con-full e-flex e-con e-child\" data-id=\"796fe7f\" data-element_type=\"container\">\n\t\t\t\t<div class=\"elementor-element elementor-element-2e581f6 elementor-invisible elementor-widget elementor-widget-heading\" data-id=\"2e581f6\" data-element_type=\"widget\" data-settings=\"{&quot;_animation_delay&quot;:100,&quot;_animation&quot;:&quot;fadeInUp&quot;}\" data-widget_type=\"heading.default\">\n\t\t\t\t<div class=\"elementor-widget-container\">\n\t\t\t\t\t<span class=\"elementor-heading-title elementor-size-default\">KURS IELTS<\/span>\t\t\t\t<\/div>\n\t\t\t\t<\/div>\n\t\t\t\t<div class=\"elementor-element elementor-element-2dfda4f elementor-widget__width-initial ui-e-a-animate elementor-invisible elementor-widget elementor-widget-highlighted-text\" data-id=\"2dfda4f\" data-element_type=\"widget\" data-settings=\"{&quot;_animation&quot;:&quot;fadeInUp&quot;,&quot;_animation_delay&quot;:100}\" data-widget_type=\"highlighted-text.default\">\n\t\t\t\t<div class=\"elementor-widget-container\">\n\t\t\t\t\t        <h1 class=\"ui-e--highlighted-text\">\n            <span class=\"ui-e-headline-text elementor-repeater-item-b68a653\">WE\u0179 UDZIA\u0141 W <span>BEZP\u0141ATNYM<\/span> TE\u015aCIE DIAGNOSTYCZNYM IELTS<\/span>        <\/h1>\n    \t\t\t\t<\/div>\n\t\t\t\t<\/div>\n\t\t\t\t<div class=\"elementor-element elementor-element-d7445da elementor-widget__width-initial elementor-widget-mobile__width-inherit elementor-invisible elementor-widget elementor-widget-text-editor\" data-id=\"d7445da\" data-element_type=\"widget\" data-settings=\"{&quot;_animation_delay&quot;:300,&quot;_animation&quot;:&quot;fadeInUp&quot;}\" data-widget_type=\"text-editor.default\">\n\t\t\t\t<div class=\"elementor-widget-container\">\n\t\t\t\t\t\t\t\t\t<p>Otw\u00f3rz drzwi do: studiowania za granic\u0105, pracy i imigracji lub podnoszenia kwalifikacji zawodowych.<\/p>\t\t\t\t\t\t\t\t<\/div>\n\t\t\t\t<\/div>\n\t\t\t\t<div class=\"elementor-element elementor-element-9b1452c ielts-modal elementor-invisible elementor-widget elementor-widget-button\" data-id=\"9b1452c\" data-element_type=\"widget\" data-settings=\"{&quot;_animation_delay&quot;:300,&quot;_animation&quot;:&quot;fadeInUp&quot;,&quot;_animation_mobile&quot;:&quot;fadeInUp&quot;}\" data-widget_type=\"button.default\">\n\t\t\t\t<div class=\"elementor-widget-container\">\n\t\t\t\t\t\t\t\t\t<div class=\"elementor-button-wrapper\">\n\t\t\t\t\t<a class=\"elementor-button elementor-size-sm\" role=\"button\">\n\t\t\t\t\t\t<span class=\"elementor-button-content-wrapper\">\n\t\t\t\t\t\t\t\t\t<span class=\"elementor-button-text\">APLIKUJ TERAZ<\/span>\n\t\t\t\t\t<\/span>\n\t\t\t\t\t<\/a>\n\t\t\t\t<\/div>\n\t\t\t\t\t\t\t\t<\/div>\n\t\t\t\t<\/div>\n\t\t\t\t<\/div>\n\t\t\t\t\t<\/div>\n\t\t\t\t<\/div>\n\t\t<div class=\"elementor-element elementor-element-ca4c107 e-flex e-con-boxed elementor-invisible e-con e-parent\" data-id=\"ca4c107\" data-element_type=\"container\" data-settings=\"{&quot;animation&quot;:&quot;zoomOutUp&quot;}\">\n\t\t\t\t\t<div class=\"e-con-inner\">\n\t\t<div class=\"elementor-element elementor-element-8fe9e46 e-flex e-con-boxed e-con e-child\" data-id=\"8fe9e46\" data-element_type=\"container\" data-settings=\"{&quot;background_background&quot;:&quot;classic&quot;}\">\n\t\t\t\t\t<div class=\"e-con-inner\">\n\t\t<div class=\"elementor-element elementor-element-4424d60 e-con-full e-flex e-con e-child\" data-id=\"4424d60\" data-element_type=\"container\">\n\t\t\t\t<div class=\"elementor-element elementor-element-b0cd34f elementor-widget-tablet__width-initial elementor-widget elementor-widget-heading\" data-id=\"b0cd34f\" data-element_type=\"widget\" data-settings=\"{&quot;_animation&quot;:&quot;none&quot;}\" data-widget_type=\"heading.default\">\n\t\t\t\t<div class=\"elementor-widget-container\">\n\t\t\t\t\t<h2 class=\"elementor-heading-title elementor-size-default\"><span style=\"color:#F3A001\">7%<\/span> ZNI\u017bKI DLA UCZNI\u00d3W SZK\u00d3\u0141 PODSTAWOWYCH I \u015aREDNICH<\/h2>\t\t\t\t<\/div>\n\t\t\t\t<\/div>\n\t\t\t\t<div class=\"elementor-element elementor-element-93c5f6c elementor-widget__width-initial elementor-widget elementor-widget-text-editor\" data-id=\"93c5f6c\" data-element_type=\"widget\" data-settings=\"{&quot;_animation_delay&quot;:&quot;240&quot;,&quot;_animation&quot;:&quot;none&quot;}\" data-widget_type=\"text-editor.default\">\n\t\t\t\t<div class=\"elementor-widget-container\">\n\t\t\t\t\t\t\t\t\t<p>UZYSKAJ DO 7% ZNI\u017bKI, JE\u015aLI TWOJE DZIECI DO\u0141\u0104CZ\u0104 DO SAPIENS PRZED 15 LUTEGO<\/p>\t\t\t\t\t\t\t\t<\/div>\n\t\t\t\t<\/div>\n\t\t\t\t<div class=\"elementor-element elementor-element-fb32b9d general-contact-modal elementor-widget elementor-widget-button\" data-id=\"fb32b9d\" data-element_type=\"widget\" data-settings=\"{&quot;_animation_delay&quot;:300,&quot;_animation&quot;:&quot;none&quot;,&quot;_animation_mobile&quot;:&quot;none&quot;}\" data-widget_type=\"button.default\">\n\t\t\t\t<div class=\"elementor-widget-container\">\n\t\t\t\t\t\t\t\t\t<div class=\"elementor-button-wrapper\">\n\t\t\t\t\t<a class=\"elementor-button elementor-size-sm\" role=\"button\">\n\t\t\t\t\t\t<span class=\"elementor-button-content-wrapper\">\n\t\t\t\t\t\t\t\t\t<span class=\"elementor-button-text\">APLIKUJ TERAZ<\/span>\n\t\t\t\t\t<\/span>\n\t\t\t\t\t<\/a>\n\t\t\t\t<\/div>\n\t\t\t\t\t\t\t\t<\/div>\n\t\t\t\t<\/div>\n\t\t\t\t<\/div>\n\t\t<div class=\"elementor-element elementor-element-1f34c67 e-con-full e-flex e-con e-child\" data-id=\"1f34c67\" data-element_type=\"container\">\n\t\t\t\t<div class=\"elementor-element elementor-element-c5bc4da elementor-widget elementor-widget-image\" data-id=\"c5bc4da\" data-element_type=\"widget\" data-widget_type=\"image.default\">\n\t\t\t\t<div class=\"elementor-widget-container\">\n\t\t\t\t\t\t\t\t\t\t\t\t\t\t\t<img decoding=\"async\" width=\"164\" height=\"50\" src=\"https:\/\/sapienswarsaw.school\/wp-content\/uploads\/2025\/05\/logo.svg\" class=\"attachment-full size-full wp-image-1459\" alt=\"\" \/>\t\t\t\t\t\t\t\t\t\t\t\t\t\t\t<\/div>\n\t\t\t\t<\/div>\n\t\t\t\t<\/div>\n\t\t\t\t\t<\/div>\n\t\t\t\t<\/div>\n\t\t\t\t\t<\/div>\n\t\t\t\t<\/div>\n\t\t<div class=\"elementor-element elementor-element-1119faa e-flex e-con-boxed e-con e-parent\" data-id=\"1119faa\" data-element_type=\"container\">\n\t\t\t\t\t<div class=\"e-con-inner\">\n\t\t<div class=\"elementor-element elementor-element-d94614c e-con-full e-grid elementor-invisible e-con e-child\" data-id=\"d94614c\" data-element_type=\"container\" data-settings=\"{&quot;animation_delay&quot;:200,&quot;animation&quot;:&quot;fadeInUp&quot;}\">\n\t\t\t\t<div class=\"elementor-element elementor-element-898bae8 ui-e-left ui-e-align-left ui-e-align-tablet-left ui-e-align-mobile-left elementor-widget-mobile__width-inherit track-contact elementor-widget elementor-widget-uicore-icon-box\" data-id=\"898bae8\" data-element_type=\"widget\" data-settings=\"{&quot;position&quot;:&quot;left&quot;,&quot;content_padding&quot;:{&quot;unit&quot;:&quot;px&quot;,&quot;top&quot;:&quot;24&quot;,&quot;right&quot;:&quot;24&quot;,&quot;bottom&quot;:&quot;24&quot;,&quot;left&quot;:&quot;24&quot;,&quot;isLinked&quot;:true},&quot;content_padding_laptop&quot;:{&quot;unit&quot;:&quot;px&quot;,&quot;top&quot;:&quot;24&quot;,&quot;right&quot;:&quot;16&quot;,&quot;bottom&quot;:&quot;24&quot;,&quot;left&quot;:&quot;16&quot;,&quot;isLinked&quot;:false},&quot;content_padding_tablet&quot;:{&quot;unit&quot;:&quot;px&quot;,&quot;top&quot;:&quot;24&quot;,&quot;right&quot;:&quot;24&quot;,&quot;bottom&quot;:&quot;24&quot;,&quot;left&quot;:&quot;24&quot;,&quot;isLinked&quot;:true},&quot;readmore&quot;:&quot;yes&quot;,&quot;content_padding_mobile&quot;:{&quot;unit&quot;:&quot;px&quot;,&quot;top&quot;:&quot;&quot;,&quot;right&quot;:&quot;&quot;,&quot;bottom&quot;:&quot;&quot;,&quot;left&quot;:&quot;&quot;,&quot;isLinked&quot;:true}}\" data-widget_type=\"uicore-icon-box.default\">\n\t\t\t\t<div class=\"elementor-widget-container\">\n\t\t\t\t\t\n        <div class=\"ui-e-ico-box\" >\n\n            \n            <div class='ui-e-flex-wrp'>\n\n                                    <div class=\"ui-e-icon-wrp\">\n\n                        <svg xmlns=\"http:\/\/www.w3.org\/2000\/svg\" width=\"24\" height=\"24\" viewBox=\"0 0 24 24\" fill=\"none\"><path d=\"M4.27445 2.79244C5.32076 1.9388 6.86449 1.99967 7.83988 2.97506L10.4756 5.6108L10.6582 5.81295C11.4551 6.78961 11.455 8.19955 10.6582 9.17623L10.4756 9.37838C10.0602 9.79382 10.0601 10.4678 10.4756 10.8833L13.1114 13.519C13.5269 13.9345 14.2007 13.9345 14.6162 13.519L14.8184 13.3364C15.8647 12.4827 17.4084 12.5436 18.3838 13.519L21.0196 16.1547L21.2022 16.3569C21.9992 17.3336 21.999 18.7434 21.2022 19.7202L21.0196 19.9223C18.5234 22.4185 14.4767 22.4185 11.9805 19.9223L4.0723 12.0141C1.57615 9.51798 1.57617 5.47123 4.0723 2.97506L4.27445 2.79244ZM6.70804 4.10591C6.31838 3.71648 5.70199 3.69262 5.28421 4.03365L5.20316 4.10591C3.33186 5.97726 3.33186 9.01197 5.20316 10.8833L13.1114 18.7915C14.9827 20.6628 18.0174 20.6628 19.8887 18.7915L19.961 18.7104C20.2794 18.3204 20.2792 17.7577 19.961 17.3676L19.8887 17.2866L17.252 14.6508C16.8623 14.2612 16.246 14.2365 15.8282 14.5776L15.7481 14.6508C14.7078 15.691 13.0209 15.6908 11.9805 14.6508L9.34378 12.0141C8.3038 10.9738 8.30358 9.28675 9.34378 8.24654L9.41703 8.16646C9.73553 7.77628 9.73551 7.21283 9.41703 6.82271L9.34378 6.74263L6.70804 4.10591Z\"><\/path><\/svg>\n                    <\/div>\n                \n                \n            <\/div>\n\n            <div class=\"ui-e-box-content\">\n                <div class=\"ui-e-title-wrp\"><div class=\"ui-e-title\">Zadzwo\u0144 do nas<\/div><\/div>\n                <div class=\"ui-e-description\">\n                                    <\/div>\n\n                                    <a href=\"tel:222304508\"class=\"ui-e-readmore\">\n\n                        222 304 508                                            <\/a>\n                \n            <\/div>\n        <\/div>\n\t\t\t\t<\/div>\n\t\t\t\t<\/div>\n\t\t\t\t<div class=\"elementor-element elementor-element-8638dba ui-e-left ui-e-align-left ui-e-align-tablet-left ui-e-align-mobile-left elementor-widget-mobile__width-inherit track-contact elementor-widget elementor-widget-uicore-icon-box\" data-id=\"8638dba\" data-element_type=\"widget\" data-settings=\"{&quot;position&quot;:&quot;left&quot;,&quot;content_padding&quot;:{&quot;unit&quot;:&quot;px&quot;,&quot;top&quot;:&quot;24&quot;,&quot;right&quot;:&quot;24&quot;,&quot;bottom&quot;:&quot;24&quot;,&quot;left&quot;:&quot;24&quot;,&quot;isLinked&quot;:true},&quot;content_padding_laptop&quot;:{&quot;unit&quot;:&quot;px&quot;,&quot;top&quot;:&quot;24&quot;,&quot;right&quot;:&quot;16&quot;,&quot;bottom&quot;:&quot;24&quot;,&quot;left&quot;:&quot;16&quot;,&quot;isLinked&quot;:false},&quot;content_padding_tablet&quot;:{&quot;unit&quot;:&quot;px&quot;,&quot;top&quot;:&quot;24&quot;,&quot;right&quot;:&quot;24&quot;,&quot;bottom&quot;:&quot;24&quot;,&quot;left&quot;:&quot;24&quot;,&quot;isLinked&quot;:true},&quot;readmore&quot;:&quot;yes&quot;,&quot;content_padding_mobile&quot;:{&quot;unit&quot;:&quot;px&quot;,&quot;top&quot;:&quot;&quot;,&quot;right&quot;:&quot;&quot;,&quot;bottom&quot;:&quot;&quot;,&quot;left&quot;:&quot;&quot;,&quot;isLinked&quot;:true}}\" data-widget_type=\"uicore-icon-box.default\">\n\t\t\t\t<div class=\"elementor-widget-container\">\n\t\t\t\t\t\n        <div class=\"ui-e-ico-box\" >\n\n            \n            <div class='ui-e-flex-wrp'>\n\n                                    <div class=\"ui-e-icon-wrp\">\n\n                        <svg xmlns=\"http:\/\/www.w3.org\/2000\/svg\" width=\"24\" height=\"24\" viewBox=\"0 0 24 24\" fill=\"none\"><path d=\"M19.458 3.19482C21.3036 3.19503 22.7996 4.69098 22.7998 6.53662V12.6304C22.7998 13.0722 22.4418 13.4302 22 13.4302C21.5582 13.4302 21.2002 13.0722 21.2002 12.6304V6.53662C21.2 5.57464 20.42 4.79464 19.458 4.79443H4.54199C3.58001 4.79464 2.80001 5.57464 2.7998 6.53662V16.8452C2.79985 17.8073 3.57991 18.5872 4.54199 18.5874H19.458C20.4149 18.5872 21.1918 17.8157 21.2002 16.8608C21.2041 16.419 21.565 16.064 22.0068 16.0679C22.4486 16.0717 22.8035 16.4328 22.7998 16.8745C22.7838 18.7068 21.2939 20.1878 19.458 20.188H4.54199C2.69626 20.1878 1.20024 18.691 1.2002 16.8452V6.53662C1.2004 4.69098 2.69636 3.19503 4.54199 3.19482H19.458ZM18.1895 7.44189C18.5262 7.21632 18.9868 7.27833 19.251 7.59717C19.5322 7.93732 19.4843 8.44142 19.1445 8.72314L15.4844 11.7524L19.1318 14.6489L18.6338 15.2749L18.1367 15.9019L14.2256 12.7954L14.0146 12.9712C12.919 13.8784 11.364 13.935 10.2109 13.1411L9.98535 12.9712L9.77246 12.7954L5.86426 15.9019C5.51854 16.1764 5.01517 16.1182 4.74023 15.7729C4.46554 15.4271 4.52258 14.9238 4.86816 14.6489L8.51367 11.7524L4.85645 8.72314L4.7959 8.66748C4.51151 8.37872 4.48611 7.91615 4.75 7.59717C5.0142 7.27856 5.47388 7.21639 5.81055 7.44189L5.87598 7.49072L11.0059 11.7388L11.1172 11.8228C11.6861 12.2145 12.4535 12.1864 12.9941 11.7388L18.124 7.49072L18.1895 7.44189ZM19.1318 14.6489C19.4774 14.9238 19.5354 15.4271 19.2607 15.7729C18.986 16.1185 18.4826 16.1762 18.1367 15.9019L19.1318 14.6489Z\"><\/path><\/svg>\n                    <\/div>\n                \n                \n            <\/div>\n\n            <div class=\"ui-e-box-content\">\n                <div class=\"ui-e-title-wrp\"><div class=\"ui-e-title\">Napisz do nas<\/div><\/div>\n                <div class=\"ui-e-description\">\n                                    <\/div>\n\n                                    <a href=\"mailto:office@sapienswarsaw.school\"class=\"ui-e-readmore\">\n\n                        office@sapienswarsaw.school                                            <\/a>\n                \n            <\/div>\n        <\/div>\n\t\t\t\t<\/div>\n\t\t\t\t<\/div>\n\t\t\t\t<div class=\"elementor-element elementor-element-bffd716 ui-e-left ui-e-align-left ui-e-align-tablet-left ui-e-align-mobile-left elementor-widget-mobile__width-inherit track-contact elementor-widget elementor-widget-uicore-icon-box\" data-id=\"bffd716\" data-element_type=\"widget\" data-settings=\"{&quot;position&quot;:&quot;left&quot;,&quot;content_padding&quot;:{&quot;unit&quot;:&quot;px&quot;,&quot;top&quot;:&quot;24&quot;,&quot;right&quot;:&quot;24&quot;,&quot;bottom&quot;:&quot;24&quot;,&quot;left&quot;:&quot;24&quot;,&quot;isLinked&quot;:true},&quot;content_padding_laptop&quot;:{&quot;unit&quot;:&quot;px&quot;,&quot;top&quot;:&quot;24&quot;,&quot;right&quot;:&quot;16&quot;,&quot;bottom&quot;:&quot;24&quot;,&quot;left&quot;:&quot;16&quot;,&quot;isLinked&quot;:false},&quot;content_padding_tablet&quot;:{&quot;unit&quot;:&quot;px&quot;,&quot;top&quot;:&quot;24&quot;,&quot;right&quot;:&quot;24&quot;,&quot;bottom&quot;:&quot;24&quot;,&quot;left&quot;:&quot;24&quot;,&quot;isLinked&quot;:true},&quot;readmore&quot;:&quot;yes&quot;,&quot;content_padding_mobile&quot;:{&quot;unit&quot;:&quot;px&quot;,&quot;top&quot;:&quot;&quot;,&quot;right&quot;:&quot;&quot;,&quot;bottom&quot;:&quot;&quot;,&quot;left&quot;:&quot;&quot;,&quot;isLinked&quot;:true}}\" data-widget_type=\"uicore-icon-box.default\">\n\t\t\t\t<div class=\"elementor-widget-container\">\n\t\t\t\t\t\n        <div class=\"ui-e-ico-box\" >\n\n            \n            <div class='ui-e-flex-wrp'>\n\n                                    <div class=\"ui-e-icon-wrp\">\n\n                        <svg xmlns=\"http:\/\/www.w3.org\/2000\/svg\" width=\"24\" height=\"24\" viewBox=\"0 0 24 24\" fill=\"none\"><path d=\"M12 1.19482C16.8601 1.19482 20.7998 5.13455 20.7998 9.99463C20.7998 11.8491 20.2255 13.5714 19.2451 14.9907L19.0439 15.27L14.2412 21.6733C13.7318 22.3524 12.9173 22.7944 12 22.7944C11.1402 22.7944 10.3709 22.4063 9.8584 21.7983L9.75879 21.6733L4.95605 15.27C3.8536 13.8001 3.2002 11.9725 3.2002 9.99463C3.2002 5.13455 7.13987 1.19482 12 1.19482ZM12 2.79443C8.02353 2.79443 4.7998 6.0182 4.7998 9.99463C4.7998 11.6146 5.33433 13.1075 6.23633 14.3101L11.0391 20.7134L11.1279 20.8188C11.3475 21.0512 11.6569 21.1948 12 21.1948C12.3923 21.1948 12.7406 21.007 12.9609 20.7134L17.7637 14.3101L17.9287 14.0815C18.7307 12.9207 19.2002 11.5134 19.2002 9.99463C19.2002 6.0182 15.9765 2.79443 12 2.79443ZM12 7.19482C13.5464 7.19482 14.7998 8.44825 14.7998 9.99463C14.7998 11.541 13.5464 12.7944 12 12.7944C10.4536 12.7944 9.2002 11.541 9.2002 9.99463C9.2002 8.44825 10.4536 7.19482 12 7.19482ZM12 8.79443C11.3373 8.79443 10.7998 9.33191 10.7998 9.99463C10.7998 10.6574 11.3373 11.1948 12 11.1948C12.6627 11.1948 13.2002 10.6574 13.2002 9.99463C13.2002 9.33191 12.6627 8.79443 12 8.79443Z\"><\/path><\/svg>\n                    <\/div>\n                \n                \n            <\/div>\n\n            <div class=\"ui-e-box-content\">\n                <div class=\"ui-e-title-wrp\"><div class=\"ui-e-title\">Odwied\u017a nas<\/div><\/div>\n                <div class=\"ui-e-description\">\n                                    <\/div>\n\n                                    <a href=\"https:\/\/maps.app.goo.gl\/xw2BDnDjAJQ2WesH8\" class=\"ui-e-readmore\" target=\"_blank\" rel=\"noopener\">\n\n                        Warszawa, ul. Gr\u00f3jecka 208                                             <\/a>\n                \n            <\/div>\n        <\/div>\n\t\t\t\t<\/div>\n\t\t\t\t<\/div>\n\t\t\t\t<\/div>\n\t\t\t\t\t<\/div>\n\t\t\t\t<\/div>\n\t\t\t\t<\/div>\n\t\t","protected":false},"excerpt":{"rendered":"<p>KURS IELTS WE\u0179 UDZIA\u0141 W BEZP\u0141ATNYM TE\u015aCIE DIAGNOSTYCZNYM IELTS Otw\u00f3rz drzwi do: studiowania za granic\u0105, pracy i imigracji lub podnoszenia kwalifikacji zawodowych. APLIKUJ TERAZ 7% ZNI\u017bKI DLA UCZNI\u00d3W SZK\u00d3\u0141 PODSTAWOWYCH I \u015aREDNICH UZYSKAJ DO 7% ZNI\u017bKI, JE\u015aLI TWOJE DZIECI DO\u0141\u0104CZ\u0104 DO SAPIENS PRZED 15 LUTEGO APLIKUJ TERAZ Zadzwo\u0144 do nas 222 304 508 Napisz do [&hellip;]<\/p>\n","protected":false},"author":1,"featured_media":0,"parent":3420,"menu_order":0,"comment_status":"closed","ping_status":"closed","template":"","meta":{"footnotes":""},"class_list":["post-3418","page","type-page","status-publish","hentry"],"_links":{"self":[{"href":"https:\/\/sapienswarsaw.school\/pl\/wp-json\/wp\/v2\/pages\/3418","targetHints":{"allow":["GET"]}}],"collection":[{"href":"https:\/\/sapienswarsaw.school\/pl\/wp-json\/wp\/v2\/pages"}],"about":[{"href":"https:\/\/sapienswarsaw.school\/pl\/wp-json\/wp\/v2\/types\/page"}],"author":[{"embeddable":true,"href":"https:\/\/sapienswarsaw.school\/pl\/wp-json\/wp\/v2\/users\/1"}],"replies":[{"embeddable":true,"href":"https:\/\/sapienswarsaw.school\/pl\/wp-json\/wp\/v2\/comments?post=3418"}],"version-history":[{"count":2,"href":"https:\/\/sapienswarsaw.school\/pl\/wp-json\/wp\/v2\/pages\/3418\/revisions"}],"predecessor-version":[{"id":3517,"href":"https:\/\/sapienswarsaw.school\/pl\/wp-json\/wp\/v2\/pages\/3418\/revisions\/3517"}],"up":[{"embeddable":true,"href":"https:\/\/sapienswarsaw.school\/pl\/wp-json\/wp\/v2\/pages\/3420"}],"wp:attachment":[{"href":"https:\/\/sapienswarsaw.school\/pl\/wp-json\/wp\/v2\/media?parent=3418"}],"curies":[{"name":"wp","href":"https:\/\/api.w.org\/{rel}","templated":true}]}}